{"id":40065,"date":"2025-07-23T12:43:12","date_gmt":"2025-07-23T11:43:12","guid":{"rendered":"https:\/\/hrweeklisbon.pt\/product\/hr-week-warsaw-gosc\/"},"modified":"2025-08-21T17:05:22","modified_gmt":"2025-08-21T16:05:22","slug":"hr-week-lisbon-convidada","status":"publish","type":"product","link":"https:\/\/hrweeklisbon.pt\/pt-pt\/product\/hr-week-lisbon-convidada\/","title":{"rendered":"HR WEEK LISBON 2026 | CONVIDADA (-O)"},"content":{"rendered":"","protected":false},"excerpt":{"rendered":"<h3 style=\"text-align: center;\"><span style=\"color: #000000;\"><strong>28.04.2026.<\/strong><\/span><\/h3>\n<p style=\"text-align: center;\">Caf\u00e9, ch\u00e1, snacks, almo\u00e7o inclu\u00eddo<\/p>\n","protected":false},"featured_media":0,"comment_status":"closed","ping_status":"closed","template":"","meta":{"_et_pb_use_builder":"off","_et_pb_old_content":"","_et_gb_content_width":""},"product_brand":[],"product_cat":[140],"product_tag":[],"class_list":{"0":"post-40065","1":"product","2":"type-product","3":"status-publish","5":"product_cat-uncategorized","7":"first","8":"instock","9":"taxable","10":"shipping-taxable","11":"purchasable","12":"product-type-simple"},"acf":[],"yoast_head":"<!-- This site is optimized with the Yoast SEO plugin v26.8 - https:\/\/yoast.com\/product\/yoast-seo-wordpress\/ -->\n<title>HR WEEK LISBON 2026 | CONVIDADA (-O) - HR WEEK LISBON<\/title>\n<meta name=\"robots\" content=\"index, follow, max-snippet:-1, max-image-preview:large, max-video-preview:-1\" \/>\n<link rel=\"canonical\" href=\"https:\/\/hrweeklisbon.pt\/pt-pt\/product\/hr-week-lisbon-convidada\/\" \/>\n<meta property=\"og:locale\" content=\"pt_PT\" \/>\n<meta property=\"og:type\" content=\"article\" \/>\n<meta property=\"og:title\" content=\"HR WEEK LISBON 2026 | CONVIDADA (-O) - HR WEEK LISBON\" \/>\n<meta property=\"og:description\" content=\"28.04.2026. Caf\u00e9, ch\u00e1, snacks, almo\u00e7o inclu\u00eddo\" \/>\n<meta property=\"og:url\" content=\"https:\/\/hrweeklisbon.pt\/pt-pt\/product\/hr-week-lisbon-convidada\/\" \/>\n<meta property=\"og:site_name\" content=\"HR WEEK LISBON\" \/>\n<meta property=\"article:modified_time\" content=\"2025-08-21T16:05:22+00:00\" \/>\n<meta name=\"twitter:card\" content=\"summary_large_image\" \/>\n<script type=\"application\/ld+json\" class=\"yoast-schema-graph\">{\"@context\":\"https:\/\/schema.org\",\"@graph\":[{\"@type\":\"WebPage\",\"@id\":\"https:\/\/hrweeklisbon.pt\/pt-pt\/product\/hr-week-lisbon-convidada\/\",\"url\":\"https:\/\/hrweeklisbon.pt\/pt-pt\/product\/hr-week-lisbon-convidada\/\",\"name\":\"HR WEEK LISBON 2026 | CONVIDADA (-O) - HR WEEK LISBON\",\"isPartOf\":{\"@id\":\"https:\/\/hrweeklisbon.pt\/#website\"},\"datePublished\":\"2025-07-23T11:43:12+00:00\",\"dateModified\":\"2025-08-21T16:05:22+00:00\",\"breadcrumb\":{\"@id\":\"https:\/\/hrweeklisbon.pt\/pt-pt\/product\/hr-week-lisbon-convidada\/#breadcrumb\"},\"inLanguage\":\"pt-PT\",\"potentialAction\":[{\"@type\":\"ReadAction\",\"target\":[\"https:\/\/hrweeklisbon.pt\/pt-pt\/product\/hr-week-lisbon-convidada\/\"]}]},{\"@type\":\"BreadcrumbList\",\"@id\":\"https:\/\/hrweeklisbon.pt\/pt-pt\/product\/hr-week-lisbon-convidada\/#breadcrumb\",\"itemListElement\":[{\"@type\":\"ListItem\",\"position\":1,\"name\":\"Home\",\"item\":\"https:\/\/hrweeklisbon.pt\/pt-pt\/hr-week-lisbon\/\"},{\"@type\":\"ListItem\",\"position\":2,\"name\":\"Products\",\"item\":\"https:\/\/hrweeklisbon.pt\/shop\/\"},{\"@type\":\"ListItem\",\"position\":3,\"name\":\"HR WEEK LISBON 2026 | CONVIDADA (-O)\"}]},{\"@type\":\"WebSite\",\"@id\":\"https:\/\/hrweeklisbon.pt\/#website\",\"url\":\"https:\/\/hrweeklisbon.pt\/\",\"name\":\"HR WEEK LISBON\",\"description\":\"HR SUMMIT EUROPE\",\"potentialAction\":[{\"@type\":\"SearchAction\",\"target\":{\"@type\":\"EntryPoint\",\"urlTemplate\":\"https:\/\/hrweeklisbon.pt\/?s={search_term_string}\"},\"query-input\":{\"@type\":\"PropertyValueSpecification\",\"valueRequired\":true,\"valueName\":\"search_term_string\"}}],\"inLanguage\":\"pt-PT\"}]}<\/script>\n<!-- \/ Yoast SEO plugin. -->","yoast_head_json":{"title":"HR WEEK LISBON 2026 | CONVIDADA (-O) - HR WEEK LISBON","robots":{"index":"index","follow":"follow","max-snippet":"max-snippet:-1","max-image-preview":"max-image-preview:large","max-video-preview":"max-video-preview:-1"},"canonical":"https:\/\/hrweeklisbon.pt\/pt-pt\/product\/hr-week-lisbon-convidada\/","og_locale":"pt_PT","og_type":"article","og_title":"HR WEEK LISBON 2026 | CONVIDADA (-O) - HR WEEK LISBON","og_description":"28.04.2026. Caf\u00e9, ch\u00e1, snacks, almo\u00e7o inclu\u00eddo","og_url":"https:\/\/hrweeklisbon.pt\/pt-pt\/product\/hr-week-lisbon-convidada\/","og_site_name":"HR WEEK LISBON","article_modified_time":"2025-08-21T16:05:22+00:00","twitter_card":"summary_large_image","schema":{"@context":"https:\/\/schema.org","@graph":[{"@type":"WebPage","@id":"https:\/\/hrweeklisbon.pt\/pt-pt\/product\/hr-week-lisbon-convidada\/","url":"https:\/\/hrweeklisbon.pt\/pt-pt\/product\/hr-week-lisbon-convidada\/","name":"HR WEEK LISBON 2026 | CONVIDADA (-O) - HR WEEK LISBON","isPartOf":{"@id":"https:\/\/hrweeklisbon.pt\/#website"},"datePublished":"2025-07-23T11:43:12+00:00","dateModified":"2025-08-21T16:05:22+00:00","breadcrumb":{"@id":"https:\/\/hrweeklisbon.pt\/pt-pt\/product\/hr-week-lisbon-convidada\/#breadcrumb"},"inLanguage":"pt-PT","potentialAction":[{"@type":"ReadAction","target":["https:\/\/hrweeklisbon.pt\/pt-pt\/product\/hr-week-lisbon-convidada\/"]}]},{"@type":"BreadcrumbList","@id":"https:\/\/hrweeklisbon.pt\/pt-pt\/product\/hr-week-lisbon-convidada\/#breadcrumb","itemListElement":[{"@type":"ListItem","position":1,"name":"Home","item":"https:\/\/hrweeklisbon.pt\/pt-pt\/hr-week-lisbon\/"},{"@type":"ListItem","position":2,"name":"Products","item":"https:\/\/hrweeklisbon.pt\/shop\/"},{"@type":"ListItem","position":3,"name":"HR WEEK LISBON 2026 | CONVIDADA (-O)"}]},{"@type":"WebSite","@id":"https:\/\/hrweeklisbon.pt\/#website","url":"https:\/\/hrweeklisbon.pt\/","name":"HR WEEK LISBON","description":"HR SUMMIT EUROPE","potentialAction":[{"@type":"SearchAction","target":{"@type":"EntryPoint","urlTemplate":"https:\/\/hrweeklisbon.pt\/?s={search_term_string}"},"query-input":{"@type":"PropertyValueSpecification","valueRequired":true,"valueName":"search_term_string"}}],"inLanguage":"pt-PT"}]}},"_links":{"self":[{"href":"https:\/\/hrweeklisbon.pt\/pt-pt\/wp-json\/wp\/v2\/product\/40065","targetHints":{"allow":["GET"]}}],"collection":[{"href":"https:\/\/hrweeklisbon.pt\/pt-pt\/wp-json\/wp\/v2\/product"}],"about":[{"href":"https:\/\/hrweeklisbon.pt\/pt-pt\/wp-json\/wp\/v2\/types\/product"}],"replies":[{"embeddable":true,"href":"https:\/\/hrweeklisbon.pt\/pt-pt\/wp-json\/wp\/v2\/comments?post=40065"}],"wp:attachment":[{"href":"https:\/\/hrweeklisbon.pt\/pt-pt\/wp-json\/wp\/v2\/media?parent=40065"}],"wp:term":[{"taxonomy":"product_brand","embeddable":true,"href":"https:\/\/hrweeklisbon.pt\/pt-pt\/wp-json\/wp\/v2\/product_brand?post=40065"},{"taxonomy":"product_cat","embeddable":true,"href":"https:\/\/hrweeklisbon.pt\/pt-pt\/wp-json\/wp\/v2\/product_cat?post=40065"},{"taxonomy":"product_tag","embeddable":true,"href":"https:\/\/hrweeklisbon.pt\/pt-pt\/wp-json\/wp\/v2\/product_tag?post=40065"}],"curies":[{"name":"wp","href":"https:\/\/api.w.org\/{rel}","templated":true}]}}